{"id":148,"date":"2016-05-04T17:13:32","date_gmt":"2016-05-04T15:13:32","guid":{"rendered":"http:\/\/www.bmc-avocats.com\/fr\/?page_id=148"},"modified":"2016-05-04T17:15:30","modified_gmt":"2016-05-04T15:15:30","slug":"mentions-legales","status":"publish","type":"page","link":"https:\/\/www.bmc-avocats.com\/fr\/mentions-legales\/","title":{"rendered":"Mentions L\u00e9gales"},"content":{"rendered":"<p style=\"text-align:justify;\">\u00ab\u00a0BMC Avocats\u00a0\u00bb est le nom commercial de la soci\u00e9t\u00e9 \u00ab\u00a0Berni\u00e9 &#8211; Montagnier, Avocats associ\u00e9s\u00a0\u00bb, SELARL d&rsquo;avocats inscrite au Barreau de Marseille au capital de 60.000,00 Euros immatricul\u00e9e au Registre du commerce et des soci\u00e9t\u00e9s de Marseille sous le num\u00e9ro D 523 208 155.<\/p>\n<p style=\"text-align:justify;\">Pour acc\u00e9der aux Conditions G\u00e9n\u00e9rales de BMC AVOCATS, <a href=\"mailto:contact@bmc-avocats.com?subject=Conditions G\u00e9n\u00e9rales\">cliquer ici<\/a><\/p>\n","protected":false},"excerpt":{"rendered":"<p>\u00ab\u00a0BMC Avocats\u00a0\u00bb est le nom commercial de la soci\u00e9t\u00e9 \u00ab\u00a0Berni\u00e9 &#8211; Montagnier, Avocats associ\u00e9s\u00a0\u00bb, SELARL d&rsquo;avocats inscrite au Barreau de Marseille au capital de 60.000,00 Euros immatricul\u00e9e au Registre du commerce et des soci\u00e9t\u00e9s de Marseille sous le num\u00e9ro D 523 208 155. Pour acc\u00e9der aux Conditions G\u00e9n\u00e9rales de BMC AVOCATS, cliquer ici<\/p>\n","protected":false},"author":1,"featured_media":0,"parent":0,"menu_order":0,"comment_status":"closed","ping_status":"closed","template":"","meta":[],"_links":{"self":[{"href":"https:\/\/www.bmc-avocats.com\/fr\/wp-json\/wp\/v2\/pages\/148"}],"collection":[{"href":"https:\/\/www.bmc-avocats.com\/fr\/wp-json\/wp\/v2\/pages"}],"about":[{"href":"https:\/\/www.bmc-avocats.com\/fr\/wp-json\/wp\/v2\/types\/page"}],"author":[{"embeddable":true,"href":"https:\/\/www.bmc-avocats.com\/fr\/wp-json\/wp\/v2\/users\/1"}],"replies":[{"embeddable":true,"href":"https:\/\/www.bmc-avocats.com\/fr\/wp-json\/wp\/v2\/comments?post=148"}],"version-history":[{"count":4,"href":"https:\/\/www.bmc-avocats.com\/fr\/wp-json\/wp\/v2\/pages\/148\/revisions"}],"predecessor-version":[{"id":152,"href":"https:\/\/www.bmc-avocats.com\/fr\/wp-json\/wp\/v2\/pages\/148\/revisions\/152"}],"wp:attachment":[{"href":"https:\/\/www.bmc-avocats.com\/fr\/wp-json\/wp\/v2\/media?parent=148"}],"curies":[{"name":"wp","href":"https:\/\/api.w.org\/{rel}","templated":true}]}}