{"id":29,"date":"2016-04-28T18:46:09","date_gmt":"2016-04-28T16:46:09","guid":{"rendered":"http:\/\/www.bmc-avocats.com\/fr\/?page_id=29"},"modified":"2016-05-04T14:53:25","modified_gmt":"2016-05-04T12:53:25","slug":"competences","status":"publish","type":"page","link":"https:\/\/www.bmc-avocats.com\/fr\/competences\/","title":{"rendered":"Comp\u00e9tences"},"content":{"rendered":"<p>BMC Avocats\u00a0intervient sur l\u2019ensemble du territoire fran\u00e7ais,<br \/>\nque ce soit de mani\u00e8re amiable ou contentieuse, par voie d&rsquo;arbitrage ou dans le cadre de proc\u00e9dure judiciaire, dans les litiges survenant dans les mati\u00e8res suivantes :<\/p>\n<p>&nbsp;<\/p>\n<ul>\n<li>Abordage<\/li>\n<li>Affr\u00e8tements<\/li>\n<li>Agence maritime<\/li>\n<li>Avaries communes<\/li>\n<li>Brokerage<\/li>\n<li>Commission de transport<\/li>\n<li>Contrats d\u2019engagements maritimes<\/li>\n<li>Conventions d\u2019amarrage, postes \u00e0 quai<\/li>\n<li>Dommages corporels<\/li>\n<li>Dommages et avaries aux marchandises<\/li>\n<li>Droit Maritime<\/li>\n<li>Expertises judiciaires<\/li>\n<li>Industrie offshore, oil and gas<\/li>\n<li>Licenciement des capitaines et membres d\u2019\u00e9quipages<\/li>\n<li>Mainlev\u00e9es de saisies<\/li>\n<li>Pollution<\/li>\n<li>Redressement douanier<\/li>\n<li>Reprises de chantiers navals<\/li>\n<li>Responsabilit\u00e9 des constructeurs et r\u00e9parateurs de navires et yachts<\/li>\n<li>R\u00e9tentions douani\u00e8res<\/li>\n<li>Saisies conservatoires et saisies ex\u00e9cutions de navires<\/li>\n<li>Sauvetage<\/li>\n<li>Transit<\/li>\n<li>Transports ferroviaires<\/li>\n<li>Transports fluviaux<\/li>\n<li>Transports routiers nationaux et internationaux<\/li>\n<li>TVA<\/li>\n<li>Ventes internationales<\/li>\n<li>Yachting<\/li>\n<\/ul>\n<p>&nbsp;<\/p>\n<p>Contentieux trait\u00e9s :<\/p>\n<ul>\n<li>Droit des assurances : RC, dommages, refus de garantie<\/li>\n<li>Droit maritime : avaries communes et particuli\u00e8res, chartes parties, plaisance<\/li>\n<li>Droit douanier : contentieux relatifs \u00e0 la TVA, saisies<\/li>\n<li>Immatriculation de navires<\/li>\n<li>Responsabilit\u00e9 des interm\u00e9diaires de transport : commissionnaires, transitaires, agents<\/li>\n<li>Saisies conservatoires, saisies-ex\u00e9cutions et ventes de navires<\/li>\n<li>Sauvetage, remorquage<\/li>\n<li>Transport de passagers : accidents corporels, contentieux commerciaux<\/li>\n<li>Transports routiers nationaux et internationaux (CMR)<\/li>\n<li>Transports multimodaux<\/li>\n<\/ul>\n<p>&nbsp;<\/p>\n<p>Juridictions fr\u00e9quent\u00e9es :<\/p>\n<p>&nbsp;<\/p>\n<ul>\n<li>Tribunaux de commerce, Tribunaux de grande instance, Tribunaux d\u2019instance<\/li>\n<li>Tribunaux administratifs<\/li>\n<li>Chambre Arbitrale Maritime de Paris<\/li>\n<li>Arbitrages ad hoc<\/li>\n<li>Conseil de la concurrence\u2026<\/li>\n<\/ul>\n<p>&nbsp;<\/p>\n<p>Activit\u00e9s non-contentieuses :<\/p>\n<p>&nbsp;<\/p>\n<ul>\n<li>Conseil, recours, transaction<\/li>\n<\/ul>\n","protected":false},"excerpt":{"rendered":"<p>BMC Avocats\u00a0intervient sur l\u2019ensemble du territoire fran\u00e7ais, que ce soit de mani\u00e8re amiable ou contentieuse, par voie d&rsquo;arbitrage ou dans le cadre de proc\u00e9dure judiciaire, dans les litiges survenant dans les mati\u00e8res suivantes : &nbsp; Abordage Affr\u00e8tements Agence maritime Avaries communes Brokerage Commission de transport Contrats d\u2019engagements maritimes Conventions d\u2019amarrage, postes \u00e0 quai Dommages corporels [&hellip;]<\/p>\n","protected":false},"author":1,"featured_media":0,"parent":0,"menu_order":0,"comment_status":"closed","ping_status":"closed","template":"","meta":[],"_links":{"self":[{"href":"https:\/\/www.bmc-avocats.com\/fr\/wp-json\/wp\/v2\/pages\/29"}],"collection":[{"href":"https:\/\/www.bmc-avocats.com\/fr\/wp-json\/wp\/v2\/pages"}],"about":[{"href":"https:\/\/www.bmc-avocats.com\/fr\/wp-json\/wp\/v2\/types\/page"}],"author":[{"embeddable":true,"href":"https:\/\/www.bmc-avocats.com\/fr\/wp-json\/wp\/v2\/users\/1"}],"replies":[{"embeddable":true,"href":"https:\/\/www.bmc-avocats.com\/fr\/wp-json\/wp\/v2\/comments?post=29"}],"version-history":[{"count":14,"href":"https:\/\/www.bmc-avocats.com\/fr\/wp-json\/wp\/v2\/pages\/29\/revisions"}],"predecessor-version":[{"id":137,"href":"https:\/\/www.bmc-avocats.com\/fr\/wp-json\/wp\/v2\/pages\/29\/revisions\/137"}],"wp:attachment":[{"href":"https:\/\/www.bmc-avocats.com\/fr\/wp-json\/wp\/v2\/media?parent=29"}],"curies":[{"name":"wp","href":"https:\/\/api.w.org\/{rel}","templated":true}]}}